{"id":1948,"date":"2021-06-14T22:55:48","date_gmt":"2021-06-14T20:55:48","guid":{"rendered":"http:\/\/afoulki-new.org\/?page_id=1948"},"modified":"2025-12-23T16:54:07","modified_gmt":"2025-12-23T15:54:07","slug":"faire-un-don-2","status":"publish","type":"page","link":"https:\/\/afoulki-new.org\/index.php\/faire-un-don-2\/","title":{"rendered":"Faire un don 2"},"content":{"rendered":"<p>[et_pb_section fb_built=\u00a0\u00bb1&Prime; custom_padding_last_edited=\u00a0\u00bboff|desktop\u00a0\u00bb admin_label=\u00a0\u00bbFooter\u00a0\u00bb _builder_version=\u00a0\u00bb4.16&Prime; background_enable_color=\u00a0\u00bboff\u00a0\u00bb use_background_color_gradient=\u00a0\u00bbon\u00a0\u00bb background_color_gradient_stops=\u00a0\u00bb#2e3858 0%|rgba(73,92,150,0.92) 100%\u00a0\u00bb background_color_gradient_start=\u00a0\u00bb#2e3858&Prime; background_color_gradient_end=\u00a0\u00bbrgba(73,92,150,0.92)\u00a0\u00bb background_image=\u00a0\u00bbhttps:\/\/afoulki-new.org\/wp-content\/uploads\/2021\/07\/Fonds-bleu.png\u00a0\u00bb parallax=\u00a0\u00bbon\u00a0\u00bb custom_padding=\u00a0\u00bb0||0||false|false\u00a0\u00bb custom_padding_tablet=\u00a0\u00bb||\u00a0\u00bb animation_style=\u00a0\u00bbslide\u00a0\u00bb animation_direction=\u00a0\u00bbbottom\u00a0\u00bb animation_intensity_slide=\u00a0\u00bb1%\u00a0\u00bb global_colors_info=\u00a0\u00bb{}\u00a0\u00bb][et_pb_row custom_padding_last_edited=\u00a0\u00bbon|phone\u00a0\u00bb _builder_version=\u00a0\u00bb4.16&Prime; background_enable_image=\u00a0\u00bboff\u00a0\u00bb parallax=\u00a0\u00bbon\u00a0\u00bb width=\u00a0\u00bb100%\u00a0\u00bb max_width=\u00a0\u00bb100%\u00a0\u00bb custom_padding=\u00a0\u00bb0|10vw||10vw|false|true\u00a0\u00bb custom_padding_tablet=\u00a0\u00bb||\u00a0\u00bb custom_padding_phone=\u00a0\u00bb32vw|||\u00a0\u00bb use_custom_width=\u00a0\u00bbon\u00a0\u00bb width_unit=\u00a0\u00bboff\u00a0\u00bb custom_width_px__hover=\u00a0\u00bb1080px\u00a0\u00bb custom_width_px__hover_enabled=\u00a0\u00bb1080px\u00a0\u00bb custom_width_percent=\u00a0\u00bb100%\u00a0\u00bb custom_width_percent__hover=\u00a0\u00bb80%\u00a0\u00bb custom_width_percent__hover_enabled=\u00a0\u00bb80%\u00a0\u00bb locked=\u00a0\u00bboff\u00a0\u00bb global_colors_info=\u00a0\u00bb{}\u00a0\u00bb use_custom_width__hover=\u00a0\u00bboff\u00a0\u00bb use_custom_width__hover_enabled=\u00a0\u00bboff\u00a0\u00bb width_unit__hover=\u00a0\u00bbon\u00a0\u00bb width_unit__hover_enabled=\u00a0\u00bbon\u00a0\u00bb gutter_width__hover=\u00a0\u00bb3&Prime; gutter_width__hover_enabled=\u00a0\u00bb3&Prime; parallax_1__hover=\u00a0\u00bboff\u00a0\u00bb parallax_1__hover_enabled=\u00a0\u00bboff\u00a0\u00bb parallax_2__hover=\u00a0\u00bboff\u00a0\u00bb parallax_2__hover_enabled=\u00a0\u00bboff\u00a0\u00bb parallax_3__hover=\u00a0\u00bboff\u00a0\u00bb parallax_3__hover_enabled=\u00a0\u00bboff\u00a0\u00bb parallax_4__hover=\u00a0\u00bboff\u00a0\u00bb parallax_4__hover_enabled=\u00a0\u00bboff\u00a0\u00bb parallax_5__hover=\u00a0\u00bboff\u00a0\u00bb parallax_5__hover_enabled=\u00a0\u00bboff\u00a0\u00bb parallax_6__hover=\u00a0\u00bboff\u00a0\u00bb parallax_6__hover_enabled=\u00a0\u00bboff\u00a0\u00bb parallax_method_1__hover=\u00a0\u00bbon\u00a0\u00bb parallax_method_1__hover_enabled=\u00a0\u00bbon\u00a0\u00bb parallax_method_2__hover=\u00a0\u00bbon\u00a0\u00bb parallax_method_2__hover_enabled=\u00a0\u00bbon\u00a0\u00bb parallax_method_3__hover=\u00a0\u00bbon\u00a0\u00bb parallax_method_3__hover_enabled=\u00a0\u00bbon\u00a0\u00bb parallax_method_4__hover=\u00a0\u00bbon\u00a0\u00bb parallax_method_4__hover_enabled=\u00a0\u00bbon\u00a0\u00bb parallax_method_5__hover=\u00a0\u00bbon\u00a0\u00bb parallax_method_5__hover_enabled=\u00a0\u00bbon\u00a0\u00bb parallax_method_6__hover=\u00a0\u00bbon\u00a0\u00bb parallax_method_6__hover_enabled=\u00a0\u00bbon\u00a0\u00bb background_size__hover=\u00a0\u00bbcover\u00a0\u00bb background_size__hover_enabled=\u00a0\u00bbcover\u00a0\u00bb background_position__hover=\u00a0\u00bbcenter\u00a0\u00bb background_position__hover_enabled=\u00a0\u00bbcenter\u00a0\u00bb make_fullwidth__hover=\u00a0\u00bboff\u00a0\u00bb make_fullwidth__hover_enabled=\u00a0\u00bboff\u00a0\u00bb make_equal__hover=\u00a0\u00bboff\u00a0\u00bb make_equal__hover_enabled=\u00a0\u00bboff\u00a0\u00bb use_background_color_gradient__hover=\u00a0\u00bboff\u00a0\u00bb use_background_color_gradient__hover_enabled=\u00a0\u00bboff\u00a0\u00bb background_color_gradient_start__hover=\u00a0\u00bb#2b87da\u00a0\u00bb background_color_gradient_start__hover_enabled=\u00a0\u00bb#2b87da\u00a0\u00bb background_color_gradient_end__hover=\u00a0\u00bb#29c4a9&Prime; background_color_gradient_end__hover_enabled=\u00a0\u00bb#29c4a9&Prime; background_color_gradient_type__hover=\u00a0\u00bblinear\u00a0\u00bb background_color_gradient_type__hover_enabled=\u00a0\u00bblinear\u00a0\u00bb background_color_gradient_direction__hover=\u00a0\u00bb180deg\u00a0\u00bb background_color_gradient_direction__hover_enabled=\u00a0\u00bb180deg\u00a0\u00bb background_color_gradient_direction_radial__hover=\u00a0\u00bbcenter\u00a0\u00bb background_color_gradient_direction_radial__hover_enabled=\u00a0\u00bbcenter\u00a0\u00bb background_color_gradient_start_position__hover=\u00a0\u00bb0%\u00a0\u00bb background_color_gradient_start_position__hover_enabled=\u00a0\u00bb0%\u00a0\u00bb background_color_gradient_end_position__hover=\u00a0\u00bb100%\u00a0\u00bb background_color_gradient_end_position__hover_enabled=\u00a0\u00bb100%\u00a0\u00bb background_color_gradient_overlays_image__hover=\u00a0\u00bboff\u00a0\u00bb background_color_gradient_overlays_image__hover_enabled=\u00a0\u00bboff\u00a0\u00bb parallax__hover=\u00a0\u00bboff\u00a0\u00bb parallax__hover_enabled=\u00a0\u00bboff\u00a0\u00bb parallax_method__hover=\u00a0\u00bbon\u00a0\u00bb parallax_method__hover_enabled=\u00a0\u00bbon\u00a0\u00bb background_repeat__hover=\u00a0\u00bbno-repeat\u00a0\u00bb background_repeat__hover_enabled=\u00a0\u00bbno-repeat\u00a0\u00bb background_blend__hover=\u00a0\u00bbnormal\u00a0\u00bb background_blend__hover_enabled=\u00a0\u00bbnormal\u00a0\u00bb allow_player_pause__hover=\u00a0\u00bboff\u00a0\u00bb allow_player_pause__hover_enabled=\u00a0\u00bboff\u00a0\u00bb background_video_pause_outside_viewport__hover=\u00a0\u00bbon\u00a0\u00bb background_video_pause_outside_viewport__hover_enabled=\u00a0\u00bbon\u00a0\u00bb use_custom_gutter__hover=\u00a0\u00bboff\u00a0\u00bb use_custom_gutter__hover_enabled=\u00a0\u00bboff\u00a0\u00bb border_radii__hover=\u00a0\u00bbon||||\u00a0\u00bb border_radii__hover_enabled=\u00a0\u00bbon||||\u00a0\u00bb box_shadow_style__hover=\u00a0\u00bbnone\u00a0\u00bb box_shadow_style__hover_enabled=\u00a0\u00bbnone\u00a0\u00bb box_shadow_color__hover=\u00a0\u00bbrgba(0,0,0,0.3)\u00a0\u00bb box_shadow_color__hover_enabled=\u00a0\u00bbrgba(0,0,0,0.3)\u00a0\u00bb filter_hue_rotate__hover=\u00a0\u00bb0deg\u00a0\u00bb filter_hue_rotate__hover_enabled=\u00a0\u00bb0deg\u00a0\u00bb filter_saturate__hover=\u00a0\u00bb100%\u00a0\u00bb filter_saturate__hover_enabled=\u00a0\u00bb100%\u00a0\u00bb filter_brightness__hover=\u00a0\u00bb100%\u00a0\u00bb filter_brightness__hover_enabled=\u00a0\u00bb100%\u00a0\u00bb filter_contrast__hover=\u00a0\u00bb100%\u00a0\u00bb filter_contrast__hover_enabled=\u00a0\u00bb100%\u00a0\u00bb filter_invert__hover=\u00a0\u00bb0%\u00a0\u00bb filter_invert__hover_enabled=\u00a0\u00bb0%\u00a0\u00bb filter_sepia__hover=\u00a0\u00bb0%\u00a0\u00bb filter_sepia__hover_enabled=\u00a0\u00bb0%\u00a0\u00bb filter_opacity__hover=\u00a0\u00bb100%\u00a0\u00bb filter_opacity__hover_enabled=\u00a0\u00bb100%\u00a0\u00bb filter_blur__hover=\u00a0\u00bb0px\u00a0\u00bb filter_blur__hover_enabled=\u00a0\u00bb0px\u00a0\u00bb mix_blend_mode__hover=\u00a0\u00bbnormal\u00a0\u00bb mix_blend_mode__hover_enabled=\u00a0\u00bbnormal\u00a0\u00bb animation_style__hover=\u00a0\u00bbnone\u00a0\u00bb animation_style__hover_enabled=\u00a0\u00bbnone\u00a0\u00bb animation_repeat__hover=\u00a0\u00bbonce\u00a0\u00bb animation_repeat__hover_enabled=\u00a0\u00bbonce\u00a0\u00bb animation_direction__hover=\u00a0\u00bbcenter\u00a0\u00bb animation_direction__hover_enabled=\u00a0\u00bbcenter\u00a0\u00bb animation_duration__hover=\u00a0\u00bb1000ms\u00a0\u00bb animation_duration__hover_enabled=\u00a0\u00bb1000ms\u00a0\u00bb animation_delay__hover=\u00a0\u00bb0ms\u00a0\u00bb animation_delay__hover_enabled=\u00a0\u00bb0ms\u00a0\u00bb animation_intensity_slide__hover=\u00a0\u00bb50%\u00a0\u00bb animation_intensity_slide__hover_enabled=\u00a0\u00bb50%\u00a0\u00bb animation_intensity_zoom__hover=\u00a0\u00bb50%\u00a0\u00bb animation_intensity_zoom__hover_enabled=\u00a0\u00bb50%\u00a0\u00bb animation_intensity_flip__hover=\u00a0\u00bb50%\u00a0\u00bb animation_intensity_flip__hover_enabled=\u00a0\u00bb50%\u00a0\u00bb animation_intensity_fold__hover=\u00a0\u00bb50%\u00a0\u00bb animation_intensity_fold__hover_enabled=\u00a0\u00bb50%\u00a0\u00bb animation_intensity_roll__hover=\u00a0\u00bb50%\u00a0\u00bb animation_intensity_roll__hover_enabled=\u00a0\u00bb50%\u00a0\u00bb animation_starting_opacity__hover=\u00a0\u00bb0%\u00a0\u00bb animation_starting_opacity__hover_enabled=\u00a0\u00bb0%\u00a0\u00bb animation_speed_curve__hover=\u00a0\u00bbease-in-out\u00a0\u00bb animation_speed_curve__hover_enabled=\u00a0\u00bbease-in-out\u00a0\u00bb hover_transition_duration__hover=\u00a0\u00bb300ms\u00a0\u00bb hover_transition_duration__hover_enabled=\u00a0\u00bb300ms\u00a0\u00bb hover_transition_delay__hover=\u00a0\u00bb0ms\u00a0\u00bb hover_transition_delay__hover_enabled=\u00a0\u00bb0ms\u00a0\u00bb hover_transition_speed_curve__hover=\u00a0\u00bbease\u00a0\u00bb hover_transition_speed_curve__hover_enabled=\u00a0\u00bbease\u00a0\u00bb width__hover=\u00a0\u00bb80%\u00a0\u00bb width__hover_enabled=\u00a0\u00bb80%\u00a0\u00bb max_width__hover=\u00a0\u00bb80%\u00a0\u00bb max_width__hover_enabled=\u00a0\u00bb80%\u00a0\u00bb background_color_gradient_stops__hover=\u00a0\u00bb#2b87da 0%|#29c4a9 100%\u00a0\u00bb][et_pb_column type=\u00a0\u00bb4_4&Prime; _builder_version=\u00a0\u00bb4.16&Prime; custom_padding=\u00a0\u00bb|||\u00a0\u00bb global_colors_info=\u00a0\u00bb{}\u00a0\u00bb custom_padding__hover=\u00a0\u00bb|||\u00a0\u00bb][et_pb_text _builder_version=\u00a0\u00bb4.16&Prime; header_2_font=\u00a0\u00bbPoppins|600|||||||\u00a0\u00bb header_2_text_color=\u00a0\u00bb#ffffff\u00a0\u00bb header_2_font_size=\u00a0\u00bb42px\u00a0\u00bb header_2_line_height=\u00a0\u00bb1.4em\u00a0\u00bb header_4_font=\u00a0\u00bbPoppins|600||on|||||\u00a0\u00bb header_4_letter_spacing=\u00a0\u00bb4px\u00a0\u00bb header_4_line_height=\u00a0\u00bb1.8em\u00a0\u00bb text_orientation=\u00a0\u00bbcenter\u00a0\u00bb custom_margin=\u00a0\u00bb||10px|\u00a0\u00bb animation_direction=\u00a0\u00bbleft\u00a0\u00bb header_2_font_size_tablet=\u00a0\u00bb30px\u00a0\u00bb header_2_font_size_phone=\u00a0\u00bb20px\u00a0\u00bb header_2_font_size_last_edited=\u00a0\u00bbon|phone\u00a0\u00bb header_4_font_size_tablet=\u00a0\u00bb\u00a0\u00bb header_4_font_size_phone=\u00a0\u00bb12px\u00a0\u00bb header_4_font_size_last_edited=\u00a0\u00bbon|phone\u00a0\u00bb locked=\u00a0\u00bboff\u00a0\u00bb global_colors_info=\u00a0\u00bb{}\u00a0\u00bb]<\/p>\n<h2>\u00a0<\/h2>\n<h2>VOUS SOUHAITEZ FAIRE UN DON?<\/h2>\n<p>[\/et_pb_text][et_pb_divider color=\u00a0\u00bb#ffffff\u00a0\u00bb divider_position=\u00a0\u00bbcenter\u00a0\u00bb divider_weight=\u00a0\u00bb3px\u00a0\u00bb _builder_version=\u00a0\u00bb4.16&Prime; max_width=\u00a0\u00bb80px\u00a0\u00bb module_alignment=\u00a0\u00bbcenter\u00a0\u00bb height=\u00a0\u00bb3px\u00a0\u00bb custom_margin=\u00a0\u00bb|||\u00a0\u00bb animation_direction=\u00a0\u00bbleft\u00a0\u00bb locked=\u00a0\u00bboff\u00a0\u00bb global_colors_info=\u00a0\u00bb{}\u00a0\u00bb][\/et_pb_divider][\/et_pb_column][\/et_pb_row][et_pb_row column_structure=\u00a0\u00bb1_2,1_2&Prime; _builder_version=\u00a0\u00bb4.16&Prime; _module_preset=\u00a0\u00bbdefault\u00a0\u00bb global_colors_info=\u00a0\u00bb{}\u00a0\u00bb][et_pb_column type=\u00a0\u00bb1_2&Prime; _builder_version=\u00a0\u00bb4.16&Prime; _module_preset=\u00a0\u00bbdefault\u00a0\u00bb global_colors_info=\u00a0\u00bb{}\u00a0\u00bb][et_pb_text _builder_version=\u00a0\u00bb4.16&Prime; text_text_color=\u00a0\u00bb#FFFFFF\u00a0\u00bb text_font_size=\u00a0\u00bb22px\u00a0\u00bb background_color=\u00a0\u00bb#E09900&Prime; text_orientation=\u00a0\u00bbcenter\u00a0\u00bb custom_padding=\u00a0\u00bb||0px|||\u00a0\u00bb border_radii=\u00a0\u00bbon|15px|15px|15px|15px\u00a0\u00bb global_colors_info=\u00a0\u00bb{}\u00a0\u00bb]<\/p>\n<p>&nbsp;<\/p>\n<p>Le don est un acte d\u00e9sint\u00e9ress\u00e9 qui vous appartient.<\/p>\n<p>Votre don servira \u00e0 financer les r\u00e9novations des \u00e9coles dans la province d&rsquo;Essaouira, mettre en place des activit\u00e9s de formation au sein de notre centre social, mettre en oeuvre des op\u00e9rations interculturelles et \u00e9ducatives entre le Maroc et la France.<\/p>\n<p>&nbsp;<\/p>\n<p>[\/et_pb_text][\/et_pb_column][et_pb_column type=\u00a0\u00bb1_2&Prime; _builder_version=\u00a0\u00bb4.16&Prime; _module_preset=\u00a0\u00bbdefault\u00a0\u00bb global_colors_info=\u00a0\u00bb{}\u00a0\u00bb][et_pb_text _builder_version=\u00a0\u00bb4.16&Prime; text_text_color=\u00a0\u00bb#FFFFFF\u00a0\u00bb text_font_size=\u00a0\u00bb22px\u00a0\u00bb background_color=\u00a0\u00bb#E09900&Prime; text_orientation=\u00a0\u00bbcenter\u00a0\u00bb min_height=\u00a0\u00bb295px\u00a0\u00bb border_radii=\u00a0\u00bbon|15px|15px|15px|15px\u00a0\u00bb global_colors_info=\u00a0\u00bb{}\u00a0\u00bb]<\/p>\n<p>&nbsp;<\/p>\n<p>&nbsp;<\/p>\n<p>Pour faciliter les moyens de paiements num\u00e9riques, nous avons opt\u00e9 pour les solutions s\u00e9curis\u00e9es de Paypal et de Hello Asso. Libre \u00e0 vous de choisir l&rsquo;un ou l&rsquo;autre de ces services.<\/p>\n<p>[\/et_pb_text][\/et_pb_column][\/et_pb_row][et_pb_row column_structure=\u00a0\u00bb1_3,1_3,1_3&Prime; _builder_version=\u00a0\u00bb4.16&Prime; _module_preset=\u00a0\u00bbdefault\u00a0\u00bb global_colors_info=\u00a0\u00bb{}\u00a0\u00bb][et_pb_column type=\u00a0\u00bb1_3&Prime; _builder_version=\u00a0\u00bb4.16&Prime; _module_preset=\u00a0\u00bbdefault\u00a0\u00bb global_colors_info=\u00a0\u00bb{}\u00a0\u00bb][\/et_pb_column][et_pb_column type=\u00a0\u00bb1_3&Prime; _builder_version=\u00a0\u00bb4.16&Prime; _module_preset=\u00a0\u00bbdefault\u00a0\u00bb global_colors_info=\u00a0\u00bb{}\u00a0\u00bb][et_pb_button button_url=\u00a0\u00bbhttps:\/\/www.helloasso.com\/associations\/association-afoulki\/formulaires\/3&Prime; url_new_window=\u00a0\u00bbon\u00a0\u00bb button_text=\u00a0\u00bbDon via Hello Asso\u00a0\u00bb button_alignment=\u00a0\u00bbcenter\u00a0\u00bb admin_label=\u00a0\u00bbDon via hello asso\u00a0\u00bb _builder_version=\u00a0\u00bb4.16&Prime; _module_preset=\u00a0\u00bbdefault\u00a0\u00bb global_colors_info=\u00a0\u00bb{}\u00a0\u00bb][\/et_pb_button][\/et_pb_column][et_pb_column type=\u00a0\u00bb1_3&Prime; _builder_version=\u00a0\u00bb4.16&Prime; _module_preset=\u00a0\u00bbdefault\u00a0\u00bb global_colors_info=\u00a0\u00bb{}\u00a0\u00bb][\/et_pb_column][\/et_pb_row][\/et_pb_section][et_pb_section fb_built=\u00a0\u00bb1&Prime; _builder_version=\u00a0\u00bb4.16&Prime; _module_preset=\u00a0\u00bbdefault\u00a0\u00bb global_colors_info=\u00a0\u00bb{}\u00a0\u00bb][\/et_pb_section]<\/p>\n","protected":false},"excerpt":{"rendered":"<p>\u00a0 VOUS SOUHAITEZ FAIRE UN DON?&nbsp; Le don est un acte d\u00e9sint\u00e9ress\u00e9 qui vous appartient. Votre don servira \u00e0 financer les r\u00e9novations des \u00e9coles dans la province d&rsquo;Essaouira, mettre en place des activit\u00e9s de formation au sein de notre centre social, mettre en oeuvre des op\u00e9rations interculturelles et \u00e9ducatives entre le Maroc et la France. [&hellip;]<\/p>\n","protected":false},"author":1,"featured_media":0,"parent":0,"menu_order":0,"comment_status":"closed","ping_status":"closed","template":"","meta":{"_et_pb_use_builder":"on","_et_pb_old_content":"","_et_gb_content_width":"","footnotes":""},"class_list":["post-1948","page","type-page","status-publish","hentry"],"jetpack_sharing_enabled":true,"_links":{"self":[{"href":"https:\/\/afoulki-new.org\/index.php\/wp-json\/wp\/v2\/pages\/1948","targetHints":{"allow":["GET"]}}],"collection":[{"href":"https:\/\/afoulki-new.org\/index.php\/wp-json\/wp\/v2\/pages"}],"about":[{"href":"https:\/\/afoulki-new.org\/index.php\/wp-json\/wp\/v2\/types\/page"}],"author":[{"embeddable":true,"href":"https:\/\/afoulki-new.org\/index.php\/wp-json\/wp\/v2\/users\/1"}],"replies":[{"embeddable":true,"href":"https:\/\/afoulki-new.org\/index.php\/wp-json\/wp\/v2\/comments?post=1948"}],"version-history":[{"count":34,"href":"https:\/\/afoulki-new.org\/index.php\/wp-json\/wp\/v2\/pages\/1948\/revisions"}],"predecessor-version":[{"id":5077,"href":"https:\/\/afoulki-new.org\/index.php\/wp-json\/wp\/v2\/pages\/1948\/revisions\/5077"}],"wp:attachment":[{"href":"https:\/\/afoulki-new.org\/index.php\/wp-json\/wp\/v2\/media?parent=1948"}],"curies":[{"name":"wp","href":"https:\/\/api.w.org\/{rel}","templated":true}]}}