{"id":970,"date":"2021-03-01T23:15:07","date_gmt":"2021-03-01T22:15:07","guid":{"rendered":"http:\/\/afoulki-new.org\/?page_id=970"},"modified":"2023-10-17T17:06:35","modified_gmt":"2023-10-17T15:06:35","slug":"nos-coups-de-coeur","status":"publish","type":"page","link":"https:\/\/afoulki-new.org\/index.php\/nos-coups-de-coeur\/","title":{"rendered":"Nos coups de coeur"},"content":{"rendered":"<p>[et_pb_section fb_built=\u00a0\u00bb1&Prime; fullwidth=\u00a0\u00bbon\u00a0\u00bb admin_label=\u00a0\u00bbHero\u00a0\u00bb _builder_version=\u00a0\u00bb4.16&Prime; background_image=\u00a0\u00bbhttps:\/\/afoulki-new.org\/wp-content\/uploads\/2021\/03\/essaouira.jpg\u00a0\u00bb custom_margin=\u00a0\u00bb||\u00a0\u00bb custom_padding=\u00a0\u00bb0|0|0|0px|false|false\u00a0\u00bb global_colors_info=\u00a0\u00bb{}\u00a0\u00bb][et_pb_fullwidth_header text_orientation=\u00a0\u00bbcenter\u00a0\u00bb admin_label=\u00a0\u00bbFullwidth Header\u00a0\u00bb _builder_version=\u00a0\u00bb4.16&Prime; title_font=\u00a0\u00bbShare Tech||||||||\u00a0\u00bb title_text_align=\u00a0\u00bbcenter\u00a0\u00bb title_font_size=\u00a0\u00bb80px\u00a0\u00bb title_line_height=\u00a0\u00bb1.7em\u00a0\u00bb content_font=\u00a0\u00bbOpen Sans||||||||\u00a0\u00bb content_text_align=\u00a0\u00bbcenter\u00a0\u00bb subhead_line_height=\u00a0\u00bb2em\u00a0\u00bb background_enable_color=\u00a0\u00bboff\u00a0\u00bb background_color_gradient_direction=\u00a0\u00bb140deg\u00a0\u00bb parallax=\u00a0\u00bbon\u00a0\u00bb parallax_method=\u00a0\u00bbon\u00a0\u00bb custom_button_one=\u00a0\u00bbon\u00a0\u00bb button_one_text_size=\u00a0\u00bb15px\u00a0\u00bb button_one_border_width=\u00a0\u00bb15px\u00a0\u00bb button_one_border_radius=\u00a0\u00bb100px\u00a0\u00bb button_one_letter_spacing=\u00a0\u00bb5px\u00a0\u00bb button_one_font=\u00a0\u00bbOpen Sans|700||on|||||\u00a0\u00bb custom_margin=\u00a0\u00bb|||\u00a0\u00bb custom_padding=\u00a0\u00bb0vw||0vw||true|\u00a0\u00bb custom_padding_tablet=\u00a0\u00bb100px||100px||true\u00a0\u00bb custom_padding_phone=\u00a0\u00bb|||\u00a0\u00bb custom_padding_last_edited=\u00a0\u00bbon|desktop\u00a0\u00bb title_font_size_tablet=\u00a0\u00bb60px\u00a0\u00bb title_font_size_phone=\u00a0\u00bb36px\u00a0\u00bb title_font_size_last_edited=\u00a0\u00bbon|phone\u00a0\u00bb content_font_size_tablet=\u00a0\u00bb\u00a0\u00bb content_font_size_phone=\u00a0\u00bb16px\u00a0\u00bb content_font_size_last_edited=\u00a0\u00bbon|phone\u00a0\u00bb button_one_text_size_tablet=\u00a0\u00bb\u00a0\u00bb button_one_text_size_phone=\u00a0\u00bb\u00a0\u00bb button_one_text_size_last_edited=\u00a0\u00bbon|desktop\u00a0\u00bb button_one_border_color_hover=\u00a0\u00bb#ff8a3d\u00a0\u00bb button_one_border_radius_hover=\u00a0\u00bb100px\u00a0\u00bb button_one_letter_spacing_hover=\u00a0\u00bb5px\u00a0\u00bb button_one_bg_color_hover=\u00a0\u00bb#ff8a3d\u00a0\u00bb global_colors_info=\u00a0\u00bb{}\u00a0\u00bb button_one_text_size__hover_enabled=\u00a0\u00bboff\u00a0\u00bb button_one_text_size__hover=\u00a0\u00bbnull\u00a0\u00bb button_two_text_size__hover_enabled=\u00a0\u00bboff\u00a0\u00bb button_two_text_size__hover=\u00a0\u00bbnull\u00a0\u00bb button_one_text_color__hover_enabled=\u00a0\u00bboff\u00a0\u00bb button_one_text_color__hover=\u00a0\u00bbnull\u00a0\u00bb button_two_text_color__hover_enabled=\u00a0\u00bboff\u00a0\u00bb button_two_text_color__hover=\u00a0\u00bbnull\u00a0\u00bb button_one_border_width__hover_enabled=\u00a0\u00bboff\u00a0\u00bb button_one_border_width__hover=\u00a0\u00bbnull\u00a0\u00bb button_two_border_width__hover_enabled=\u00a0\u00bboff\u00a0\u00bb button_two_border_width__hover=\u00a0\u00bbnull\u00a0\u00bb button_one_border_color__hover_enabled=\u00a0\u00bbon\u00a0\u00bb button_one_border_color__hover=\u00a0\u00bb#ff8a3d\u00a0\u00bb button_two_border_color__hover_enabled=\u00a0\u00bboff\u00a0\u00bb button_two_border_color__hover=\u00a0\u00bbnull\u00a0\u00bb button_one_border_radius__hover_enabled=\u00a0\u00bbon\u00a0\u00bb button_one_border_radius__hover=\u00a0\u00bb100px\u00a0\u00bb button_two_border_radius__hover_enabled=\u00a0\u00bboff\u00a0\u00bb button_two_border_radius__hover=\u00a0\u00bbnull\u00a0\u00bb button_one_letter_spacing__hover_enabled=\u00a0\u00bbon\u00a0\u00bb button_one_letter_spacing__hover=\u00a0\u00bb5px\u00a0\u00bb button_two_letter_spacing__hover_enabled=\u00a0\u00bboff\u00a0\u00bb button_two_letter_spacing__hover=\u00a0\u00bbnull\u00a0\u00bb button_one_bg_color__hover_enabled=\u00a0\u00bbon\u00a0\u00bb button_one_bg_color__hover=\u00a0\u00bb#ff8a3d\u00a0\u00bb button_two_bg_color__hover_enabled=\u00a0\u00bboff\u00a0\u00bb button_two_bg_color__hover=\u00a0\u00bbnull\u00a0\u00bb]<\/p>\n<h1 style=\"text-align: left\">Nos adresses amies<\/h1>\n<p>[\/et_pb_fullwidth_header][\/et_pb_section][et_pb_section fb_built=\u00a0\u00bb1&Prime; disabled_on=\u00a0\u00bboff|off|off\u00a0\u00bb _builder_version=\u00a0\u00bb4.16&Prime; custom_padding=\u00a0\u00bb4px|0px|54px|0px|false|false\u00a0\u00bb global_colors_info=\u00a0\u00bb{}\u00a0\u00bb][et_pb_row column_structure=\u00a0\u00bb1_2,1_2&Prime; use_custom_gutter=\u00a0\u00bbon\u00a0\u00bb gutter_width=\u00a0\u00bb2&Prime; make_equal=\u00a0\u00bbon\u00a0\u00bb _builder_version=\u00a0\u00bb4.16&Prime; max_width=\u00a0\u00bb850px\u00a0\u00bb module_alignment=\u00a0\u00bbcenter\u00a0\u00bb use_custom_width=\u00a0\u00bbon\u00a0\u00bb custom_width_px=\u00a0\u00bb850px\u00a0\u00bb global_colors_info=\u00a0\u00bb{}\u00a0\u00bb][et_pb_column type=\u00a0\u00bb1_2&Prime; _builder_version=\u00a0\u00bb4.16&Prime; background_color=\u00a0\u00bb#2e3858&Prime; custom_padding=\u00a0\u00bb30px|30px|30px|30px\u00a0\u00bb global_colors_info=\u00a0\u00bb{}\u00a0\u00bb custom_padding__hover=\u00a0\u00bb|||\u00a0\u00bb][et_pb_blurb title=\u00a0\u00bbEssaouira\u00a0\u00bb content_max_width=\u00a0\u00bb397px\u00a0\u00bb admin_label=\u00a0\u00bbEssaouira\u00a0\u00bb _builder_version=\u00a0\u00bb4.16&Prime; header_level=\u00a0\u00bbh1&Prime; header_font=\u00a0\u00bbPT Sans|700|||||||\u00a0\u00bb header_text_align=\u00a0\u00bbcenter\u00a0\u00bb header_text_color=\u00a0\u00bb#e8722e\u00a0\u00bb header_font_size=\u00a0\u00bb30px\u00a0\u00bb header_line_height=\u00a0\u00bb25px\u00a0\u00bb body_font=\u00a0\u00bbPT Sans||||||||\u00a0\u00bb body_text_align=\u00a0\u00bbjustify\u00a0\u00bb body_text_color=\u00a0\u00bbrgba(255,255,255,0.7)\u00a0\u00bb body_font_size=\u00a0\u00bb16px\u00a0\u00bb body_line_height=\u00a0\u00bb1.8em\u00a0\u00bb text_orientation=\u00a0\u00bbcenter\u00a0\u00bb background_layout=\u00a0\u00bbdark\u00a0\u00bb custom_margin=\u00a0\u00bb|||\u00a0\u00bb custom_padding=\u00a0\u00bb|||\u00a0\u00bb animation_style=\u00a0\u00bbslide\u00a0\u00bb animation_direction=\u00a0\u00bbbottom\u00a0\u00bb animation_intensity_slide=\u00a0\u00bb10%\u00a0\u00bb animation=\u00a0\u00bboff\u00a0\u00bb global_colors_info=\u00a0\u00bb{}\u00a0\u00bb]<\/p>\n<h5 align=\"left\"><em><\/em><\/h5>\n<h5 align=\"left\"><em>Boutiques :<\/em><\/h5>\n<ul>\n<li>Massage, Esth\u00e9tique : Salon Nowara chez la c\u00e9l\u00e8bre ZORA &#8211;\u00a0 lotissement ragraga n\u00a0\u00bb21 pr\u00e8s de la pharmacie la skala. (+212 6 10 77 29 75).<\/li>\n<li>Epices, plantes m\u00e9dicinales : N\u00b0203 March\u00e9 aux \u00e9pices, chez Mohamed Seddiki<\/li>\n<li>Bijoux : Ensemble artisanal, Bab Marrakech<\/li>\n<\/ul>\n<h5 align=\"left\"><em>Restaurants :<\/em><\/h5>\n<ul>\n<li>Les Aliz\u00e9s Mogador : 26 rue Scala (+212 5 24 47 68 19)<\/li>\n<li>La Grotte : Cap Sim \/ Sidi Kaouki (+212 6 66 16 48 03)<\/li>\n<\/ul>\n<h5 align=\"left\"><em>\u00a0RIAD<\/em><\/h5>\n<ul>\n<li>Riad d\u2019Heide : au c\u0153ur de la m\u00e9dina (heide-roehrscheid@t-online.de \u2013 0049 (0) 61 09\/213 75)<\/li>\n<\/ul>\n<h5><em>Appartement :<\/em><\/h5>\n<ul>\n<li>Un magnifique appartement, joliment d\u00e9cor\u00e9, cuisine \u00e9quip\u00e9e, 2 chambres, cour int\u00e9rieure, \u00e0 100 m de la mer, quartier calme, tous commerces \u00e0 proximit\u00e9. T\u00e9l Houira : (+212\u00a0 6 61 69 64 49)<\/li>\n<\/ul>\n<h5><em>Maison d&rsquo;h\u00f4tes :<\/em><\/h5>\n<ul>\n<li>Riad Dar al fan : au c\u0153ur de la m\u00e9dina <a href=\"http:\/\/www.riad-daralfan.com\/\">www.riad-daralfan.com<\/a><\/li>\n<\/ul>\n<p>[\/et_pb_blurb][\/et_pb_column][et_pb_column type=\u00a0\u00bb1_2&Prime; _builder_version=\u00a0\u00bb4.16&Prime; background_color=\u00a0\u00bb#2e3858&Prime; custom_padding=\u00a0\u00bb30px|30px|30px|30px\u00a0\u00bb global_colors_info=\u00a0\u00bb{}\u00a0\u00bb custom_padding__hover=\u00a0\u00bb|||\u00a0\u00bb][et_pb_blurb title=\u00a0\u00bbMarrakech\u00a0\u00bb content_max_width=\u00a0\u00bb494px\u00a0\u00bb admin_label=\u00a0\u00bbMarrakech\u00a0\u00bb _builder_version=\u00a0\u00bb4.16&Prime; header_level=\u00a0\u00bbh1&Prime; header_font=\u00a0\u00bbPT Sans|700|||||||\u00a0\u00bb header_text_align=\u00a0\u00bbcenter\u00a0\u00bb header_text_color=\u00a0\u00bb#e8722e\u00a0\u00bb header_line_height=\u00a0\u00bb25px\u00a0\u00bb body_font=\u00a0\u00bbPT Sans||||||||\u00a0\u00bb body_text_align=\u00a0\u00bbjustify\u00a0\u00bb body_text_color=\u00a0\u00bbrgba(255,255,255,0.7)\u00a0\u00bb body_font_size=\u00a0\u00bb16px\u00a0\u00bb body_line_height=\u00a0\u00bb1.8em\u00a0\u00bb text_orientation=\u00a0\u00bbcenter\u00a0\u00bb background_layout=\u00a0\u00bbdark\u00a0\u00bb custom_margin=\u00a0\u00bb|||\u00a0\u00bb custom_padding=\u00a0\u00bb|||\u00a0\u00bb animation_style=\u00a0\u00bbslide\u00a0\u00bb animation_direction=\u00a0\u00bbbottom\u00a0\u00bb animation_delay=\u00a0\u00bb100ms\u00a0\u00bb animation_intensity_slide=\u00a0\u00bb10%\u00a0\u00bb animation=\u00a0\u00bboff\u00a0\u00bb global_colors_info=\u00a0\u00bb{}\u00a0\u00bb]<\/p>\n<h5 align=\"left\"><em><\/em><\/h5>\n<h5 align=\"left\"><em>Restaurants :<\/em><\/h5>\n<ul>\n<li>La Taverne : 23 bd Mohamed Zerktouni \/ Gueliz (+212 5 24 47 68 19)<\/li>\n<li>Les Jardins de Gueliz : Avenue Oued-el-Markhazine Gu\u00e9liz (+212 5 24 42 21 22)<\/li>\n<\/ul>\n<p>[\/et_pb_blurb][et_pb_blurb title=\u00a0\u00bbAgadir\u00a0\u00bb content_max_width=\u00a0\u00bb494px\u00a0\u00bb admin_label=\u00a0\u00bbAgadir\u00a0\u00bb _builder_version=\u00a0\u00bb4.16&Prime; header_level=\u00a0\u00bbh1&Prime; header_font=\u00a0\u00bbPT Sans|700|||||||\u00a0\u00bb header_text_align=\u00a0\u00bbcenter\u00a0\u00bb header_text_color=\u00a0\u00bb#e8722e\u00a0\u00bb header_line_height=\u00a0\u00bb25px\u00a0\u00bb body_font=\u00a0\u00bbPT Sans||||||||\u00a0\u00bb body_text_align=\u00a0\u00bbjustify\u00a0\u00bb body_text_color=\u00a0\u00bbrgba(255,255,255,0.7)\u00a0\u00bb body_font_size=\u00a0\u00bb16px\u00a0\u00bb body_line_height=\u00a0\u00bb1.8em\u00a0\u00bb text_orientation=\u00a0\u00bbjustified\u00a0\u00bb background_layout=\u00a0\u00bbdark\u00a0\u00bb custom_margin=\u00a0\u00bb|||\u00a0\u00bb custom_padding=\u00a0\u00bb|||\u00a0\u00bb animation_style=\u00a0\u00bbslide\u00a0\u00bb animation_direction=\u00a0\u00bbbottom\u00a0\u00bb animation_delay=\u00a0\u00bb100ms\u00a0\u00bb animation_intensity_slide=\u00a0\u00bb10%\u00a0\u00bb animation=\u00a0\u00bboff\u00a0\u00bb global_colors_info=\u00a0\u00bb{}\u00a0\u00bb]<\/p>\n<h5 align=\"left\"><em>G\u00eetes :<\/em><\/h5>\n<ul>\n<li style=\"text-align: left\">Fatima vous accueillera chez Anne-Marie et Jean-Jacques \u00e0 Tamgrhat (15 km d&rsquo;Agadir) \u00e0 un prix tr\u00e8s raisonnable. Renseignements : a.chagnaud@orange.fr<\/li>\n<\/ul>\n<p>[\/et_pb_blurb][et_pb_blurb title=\u00a0\u00bbIle de la R\u00e9union\u00a0\u00bb content_max_width=\u00a0\u00bb494px\u00a0\u00bb admin_label=\u00a0\u00bbIle de la R\u00e9union\u00a0\u00bb _builder_version=\u00a0\u00bb4.16&Prime; header_level=\u00a0\u00bbh1&Prime; header_font=\u00a0\u00bbPT Sans|700|||||||\u00a0\u00bb header_text_align=\u00a0\u00bbcenter\u00a0\u00bb header_text_color=\u00a0\u00bb#e8722e\u00a0\u00bb header_line_height=\u00a0\u00bb25px\u00a0\u00bb body_font=\u00a0\u00bbPT Sans||||||||\u00a0\u00bb body_text_align=\u00a0\u00bbjustify\u00a0\u00bb body_text_color=\u00a0\u00bbrgba(255,255,255,0.7)\u00a0\u00bb body_font_size=\u00a0\u00bb16px\u00a0\u00bb body_line_height=\u00a0\u00bb1.8em\u00a0\u00bb text_orientation=\u00a0\u00bbjustified\u00a0\u00bb background_layout=\u00a0\u00bbdark\u00a0\u00bb custom_margin=\u00a0\u00bb|||\u00a0\u00bb custom_padding=\u00a0\u00bb|||\u00a0\u00bb animation_style=\u00a0\u00bbslide\u00a0\u00bb animation_direction=\u00a0\u00bbbottom\u00a0\u00bb animation_delay=\u00a0\u00bb100ms\u00a0\u00bb animation_intensity_slide=\u00a0\u00bb10%\u00a0\u00bb animation=\u00a0\u00bboff\u00a0\u00bb global_colors_info=\u00a0\u00bb{}\u00a0\u00bb]<\/p>\n<p>&nbsp;<\/p>\n<ul>\n<li>Dans sa <a href=\"https:\/\/www.villamangos.com\/\">Villa Mango&rsquo;s<\/a>, Corine vous r\u00e9servera un accueil chaleureux.<\/li>\n<\/ul>\n<p>[\/et_pb_blurb][et_pb_blurb title=\u00a0\u00bbBlaye\u00a0\u00bb content_max_width=\u00a0\u00bb494px\u00a0\u00bb admin_label=\u00a0\u00bbBlaye\u00a0\u00bb _builder_version=\u00a0\u00bb4.16&Prime; header_level=\u00a0\u00bbh1&Prime; header_font=\u00a0\u00bbPT Sans|700|||||||\u00a0\u00bb header_text_align=\u00a0\u00bbcenter\u00a0\u00bb header_text_color=\u00a0\u00bb#e8722e\u00a0\u00bb header_line_height=\u00a0\u00bb25px\u00a0\u00bb body_font=\u00a0\u00bbPT Sans||||||||\u00a0\u00bb body_text_align=\u00a0\u00bbjustify\u00a0\u00bb body_text_color=\u00a0\u00bbrgba(255,255,255,0.7)\u00a0\u00bb body_font_size=\u00a0\u00bb16px\u00a0\u00bb body_line_height=\u00a0\u00bb1.8em\u00a0\u00bb text_orientation=\u00a0\u00bbjustified\u00a0\u00bb background_layout=\u00a0\u00bbdark\u00a0\u00bb custom_margin=\u00a0\u00bb|||\u00a0\u00bb custom_padding=\u00a0\u00bb|||\u00a0\u00bb animation_style=\u00a0\u00bbslide\u00a0\u00bb animation_direction=\u00a0\u00bbbottom\u00a0\u00bb animation_delay=\u00a0\u00bb100ms\u00a0\u00bb animation_intensity_slide=\u00a0\u00bb10%\u00a0\u00bb animation=\u00a0\u00bboff\u00a0\u00bb global_colors_info=\u00a0\u00bb{}\u00a0\u00bb]<\/p>\n<h5 align=\"left\"><em>Restaurants :<\/em><\/h5>\n<ul>\n<li><strong>L&rsquo;auberge des officiers<\/strong>, dans la citadelle de Blaye : c&rsquo;est simple, c&rsquo;est frais, c&rsquo;est bon et les tarifs sont tout \u00e0 fait raisonnables. Demandez Vincent, de la part d&rsquo;AFOULKI. Tel : 06.19.45.16.92<\/li>\n<\/ul>\n<p>&nbsp;<\/p>\n<ul>\n<li><strong>Le P&rsquo;tit Canon<\/strong>, dans la Citadelle de Blaye : bon resto et bar \u00e0 vins du cru. L&rsquo;accueil est super, surtout en se recommandant d&rsquo;Afoulki, pr\u00e9sent sur les sets de table !Place d&rsquo;Armes &#8211; Citadelle &#8211; tel : 05.57.64.23.86<\/li>\n<\/ul>\n<p>[\/et_pb_blurb][\/et_pb_column][\/et_pb_row][\/et_pb_section]<\/p>\n","protected":false},"excerpt":{"rendered":"<p>Nos adresses amies Boutiques : Massage, Esth\u00e9tique : Salon Nowara chez la c\u00e9l\u00e8bre ZORA &#8211;\u00a0 lotissement ragraga n\u00a0\u00bb21 pr\u00e8s de la pharmacie la skala. (+212 6 10 77 29 75). Epices, plantes m\u00e9dicinales : N\u00b0203 March\u00e9 aux \u00e9pices, chez Mohamed Seddiki Bijoux : Ensemble artisanal, Bab Marrakech Restaurants : Les Aliz\u00e9s Mogador : 26 rue [&hellip;]<\/p>\n","protected":false},"author":1,"featured_media":0,"parent":0,"menu_order":0,"comment_status":"closed","ping_status":"closed","template":"","meta":{"_et_pb_use_builder":"on","_et_pb_old_content":"<p>[et_pb_section bb_built=\"1\" admin_label=\"Hero\" fullwidth=\"on\" _builder_version=\"3.17.6\" background_image=\"http:\/\/afoulki-new.org\/wp-content\/uploads\/2020\/05\/11102018-\u00a9Julien-Masson-2-scaled.jpg\" custom_margin=\"||\" custom_padding=\"0|0|0|0px|false|false\" next_background_color=\"#ffffff\"][et_pb_fullwidth_header admin_label=\"Fullwidth Header\" text_orientation=\"center\" scroll_down_icon_size=\"48px\" _builder_version=\"3.17.6\" title_font=\"Share Tech||||||||\" title_text_align=\"center\" title_font_size=\"80px\" title_font_size_tablet=\"60px\" title_font_size_phone=\"36px\" title_font_size_last_edited=\"on|phone\" title_line_height=\"1.7em\" content_font=\"Open Sans||||||||\" content_text_align=\"center\" content_font_size_phone=\"16px\" content_font_size_last_edited=\"on|phone\" subhead_line_height=\"2em\" background_color=\"rgba(0,0,0,0)\" use_background_color_gradient=\"on\" background_color_gradient_start=\"rgba(0,72,114,0.9)\" background_color_gradient_end=\"rgba(41,17,96,0.66)\" background_color_gradient_direction=\"140deg\" background_color_gradient_overlays_image=\"on\" parallax=\"on\" parallax_method=\"on\" custom_button_one=\"on\" button_one_text_size=\"15px\" button_one_border_width=\"15px\" button_one_border_radius=\"100px\" button_one_letter_spacing=\"5px\" button_one_font=\"Open Sans|700||on|||||\" button_one_text_size_last_edited=\"on|desktop\" custom_margin=\"|||\" custom_padding=\"10vw||10vw||true\" custom_padding_tablet=\"100px||100px||true\" custom_padding_phone=\"|||\" custom_padding_last_edited=\"on|desktop\" button_one_border_color_hover=\"#ff8a3d\" button_one_border_radius_hover=\"100px\" button_one_letter_spacing_hover=\"5px\" button_one_bg_color_hover=\"#ff8a3d\" button_one_text_size__hover_enabled=\"off\" button_one_text_size__hover=\"null\" button_two_text_size__hover_enabled=\"off\" button_two_text_size__hover=\"null\" button_one_text_color__hover_enabled=\"off\" button_one_text_color__hover=\"null\" button_two_text_color__hover_enabled=\"off\" button_two_text_color__hover=\"null\" button_one_border_width__hover_enabled=\"off\" button_one_border_width__hover=\"null\" button_two_border_width__hover_enabled=\"off\" button_two_border_width__hover=\"null\" button_one_border_color__hover_enabled=\"on\" button_one_border_color__hover=\"#ff8a3d\" button_two_border_color__hover_enabled=\"off\" button_two_border_color__hover=\"null\" button_one_border_radius__hover_enabled=\"on\" button_one_border_radius__hover=\"100px\" button_two_border_radius__hover_enabled=\"off\" button_two_border_radius__hover=\"null\" button_one_letter_spacing__hover_enabled=\"on\" button_one_letter_spacing__hover=\"5px\" button_two_letter_spacing__hover_enabled=\"off\" button_two_letter_spacing__hover=\"null\" button_one_bg_color__hover_enabled=\"on\" button_one_bg_color__hover=\"#ff8a3d\" button_two_bg_color__hover_enabled=\"off\" button_two_bg_color__hover=\"null\"]<\/p><h1 style=\"text-align: left;\">Nos coups de c\u0153ur<\/h1><p>[\/et_pb_fullwidth_header][\/et_pb_section][et_pb_section bb_built=\"1\" _builder_version=\"3.0.47\" custom_padding=\"8px|0px|0|0px|false|false\" prev_background_color=\"#000000\" next_background_color=\"#000000\"][et_pb_row _builder_version=\"3.0.48\" background_size=\"initial\" background_position=\"top_left\" background_repeat=\"repeat\" custom_padding=\"27px|0px|38px|0px|false|false\"][et_pb_column type=\"4_4\"][et_pb_divider show_divider=\"off\" height=\"36px\" _builder_version=\"3.17.6\" \/][\/et_pb_column][\/et_pb_row][\/et_pb_section][et_pb_section bb_built=\"1\" admin_label=\"Services\" _builder_version=\"3.17.6\" custom_padding=\"0|0px|54px|0px|false|false\" gutter_width__hover=\"3\" gutter_width__hover_enabled=\"3\" parallax_1__hover=\"off\" parallax_1__hover_enabled=\"off\" parallax_2__hover=\"off\" parallax_2__hover_enabled=\"off\" parallax_3__hover=\"off\" parallax_3__hover_enabled=\"off\" parallax_method_1__hover=\"on\" parallax_method_1__hover_enabled=\"on\" parallax_method_2__hover=\"on\" parallax_method_2__hover_enabled=\"on\" parallax_method_3__hover=\"on\" parallax_method_3__hover_enabled=\"on\" use_background_color_gradient__hover=\"off\" use_background_color_gradient__hover_enabled=\"off\" background_color_gradient_start__hover=\"#2b87da\" background_color_gradient_start__hover_enabled=\"#2b87da\" background_color_gradient_end__hover=\"#29c4a9\" background_color_gradient_end__hover_enabled=\"#29c4a9\" background_color_gradient_type__hover=\"linear\" background_color_gradient_type__hover_enabled=\"linear\" background_color_gradient_direction__hover=\"180deg\" background_color_gradient_direction__hover_enabled=\"180deg\" background_color_gradient_direction_radial__hover=\"center\" background_color_gradient_direction_radial__hover_enabled=\"center\" background_color_gradient_start_position__hover=\"0%\" background_color_gradient_start_position__hover_enabled=\"0%\" background_color_gradient_end_position__hover=\"100%\" background_color_gradient_end_position__hover_enabled=\"100%\" background_color_gradient_overlays_image__hover=\"off\" background_color_gradient_overlays_image__hover_enabled=\"off\" parallax__hover=\"off\" parallax__hover_enabled=\"off\" parallax_method__hover=\"on\" parallax_method__hover_enabled=\"on\" background_size__hover=\"cover\" background_size__hover_enabled=\"cover\" background_position__hover=\"center\" background_position__hover_enabled=\"center\" background_repeat__hover=\"no-repeat\" background_repeat__hover_enabled=\"no-repeat\" background_blend__hover=\"normal\" background_blend__hover_enabled=\"normal\" allow_player_pause__hover=\"off\" allow_player_pause__hover_enabled=\"off\" background_video_pause_outside_viewport__hover=\"on\" background_video_pause_outside_viewport__hover_enabled=\"on\" inner_shadow__hover=\"off\" inner_shadow__hover_enabled=\"off\" make_fullwidth__hover=\"off\" make_fullwidth__hover_enabled=\"off\" use_custom_width__hover=\"off\" use_custom_width__hover_enabled=\"off\" width_unit__hover=\"on\" width_unit__hover_enabled=\"on\" custom_width_px__hover=\"1080px\" custom_width_px__hover_enabled=\"1080px\" custom_width_percent__hover=\"80%\" custom_width_percent__hover_enabled=\"80%\" make_equal__hover=\"off\" make_equal__hover_enabled=\"off\" use_custom_gutter__hover=\"off\" use_custom_gutter__hover_enabled=\"off\" border_radii__hover=\"on||||\" border_radii__hover_enabled=\"on||||\" box_shadow_style__hover=\"none\" box_shadow_style__hover_enabled=\"none\" box_shadow_color__hover=\"rgba(0,0,0,0.3)\" box_shadow_color__hover_enabled=\"rgba(0,0,0,0.3)\" max_width__hover=\"100%\" max_width__hover_enabled=\"100%\" filter_hue_rotate__hover=\"0deg\" filter_hue_rotate__hover_enabled=\"0deg\" filter_saturate__hover=\"100%\" filter_saturate__hover_enabled=\"100%\" filter_brightness__hover=\"100%\" filter_brightness__hover_enabled=\"100%\" filter_contrast__hover=\"100%\" filter_contrast__hover_enabled=\"100%\" filter_invert__hover=\"0%\" filter_invert__hover_enabled=\"0%\" filter_sepia__hover=\"0%\" filter_sepia__hover_enabled=\"0%\" filter_opacity__hover=\"100%\" filter_opacity__hover_enabled=\"100%\" filter_blur__hover=\"0px\" filter_blur__hover_enabled=\"0px\" mix_blend_mode__hover=\"normal\" mix_blend_mode__hover_enabled=\"normal\" animation_style__hover=\"none\" animation_style__hover_enabled=\"none\" animation_repeat__hover=\"once\" animation_repeat__hover_enabled=\"once\" animation_direction__hover=\"center\" animation_direction__hover_enabled=\"center\" animation_duration__hover=\"1000ms\" animation_duration__hover_enabled=\"1000ms\" animation_delay__hover=\"0ms\" animation_delay__hover_enabled=\"0ms\" animation_intensity_slide__hover=\"50%\" animation_intensity_slide__hover_enabled=\"50%\" animation_intensity_zoom__hover=\"50%\" animation_intensity_zoom__hover_enabled=\"50%\" animation_intensity_flip__hover=\"50%\" animation_intensity_flip__hover_enabled=\"50%\" animation_intensity_fold__hover=\"50%\" animation_intensity_fold__hover_enabled=\"50%\" animation_intensity_roll__hover=\"50%\" animation_intensity_roll__hover_enabled=\"50%\" animation_starting_opacity__hover=\"0%\" animation_starting_opacity__hover_enabled=\"0%\" animation_speed_curve__hover=\"ease-in-out\" animation_speed_curve__hover_enabled=\"ease-in-out\" hover_transition_duration__hover=\"300ms\" hover_transition_duration__hover_enabled=\"300ms\" hover_transition_delay__hover=\"0ms\" hover_transition_delay__hover_enabled=\"0ms\" hover_transition_speed_curve__hover=\"ease\" hover_transition_speed_curve__hover_enabled=\"ease\" prev_background_color=\"#000000\"][et_pb_row][et_pb_column type=\"1_2\"][et_pb_image _builder_version=\"3.17.6\" src=\"http:\/\/afoulki-new.org\/wp-content\/uploads\/2020\/05\/IMG_1720-scaled.jpg\" \/][\/et_pb_column][et_pb_column type=\"1_2\"][et_pb_text admin_label=\"L\u2019enseignement au Maroc\" _builder_version=\"3.17.6\"]<\/p><h1>L\u2019enseignement au Maroc<\/h1><div style=\"text-align: left;\" align=\"left\"><p>\u00a0Il y a quelques ann\u00e9es, un rapport de la Banque Mondiale faisait un constat affligeant de la scolarisation au Maroc : mont\u00e9e du taux d\u2019illettrisme, infrastructures d\u00e9plorables notamment en milieu rural, discrimination forte entre villes et campagnes, entre riches et pauvres \u2026<\/p><p>Les marocains en \u00e2ge de pouvoir lire et \u00e9crire (\u00e0 partir de 11\/12 ans) \u00e9taient pour\u00a0 50% d\u2019entre eux analphab\u00e8tes ! Si l\u2019\u00e9cole est obligatoire, les enfants non scolaris\u00e9s se chiffraient \u00e0 pr\u00e8s de 3 millions, essentiellement en zones rurales : l\u2019\u00e9cole la plus proche peut \u00eatre \u00e0 plus de 8 kms, pas de transport scolaire, pas de ressource pour acheter des fournitures scolaires \u2026 et puis, aussi, au-del\u00e0 de la pesanteur culturelle, l\u2019enfant est d\u00e9di\u00e9 \u00e0 la survie de la microsoci\u00e9t\u00e9 familiale, pour les travaux de la maison ou celui des champs \u2026<\/p><p>Le \u00ab Plan d\u2019Urgence pour l\u2019\u00e9cole \u00bb lanc\u00e9 par Sa Majest\u00e9 Mohammed VI\u00a0 apr\u00e8s la parution du rapport de la Banque Mondiale, a eu des effets nuanc\u00e9s selon les r\u00e9gions ou les provinces. Les r\u00e9sultats ne sont en tous les cas pas au niveau des probl\u00e8mes pos\u00e9s et des ambitions affich\u00e9es.<\/p><\/div><p>[\/et_pb_text][\/et_pb_column][\/et_pb_row][et_pb_row][et_pb_column type=\"4_4\"][et_pb_text _builder_version=\"3.17.6\" \/][\/et_pb_column][\/et_pb_row][\/et_pb_section]<\/p>","_et_gb_content_width":"","footnotes":""},"class_list":["post-970","page","type-page","status-publish","hentry"],"jetpack_sharing_enabled":true,"_links":{"self":[{"href":"https:\/\/afoulki-new.org\/index.php\/wp-json\/wp\/v2\/pages\/970","targetHints":{"allow":["GET"]}}],"collection":[{"href":"https:\/\/afoulki-new.org\/index.php\/wp-json\/wp\/v2\/pages"}],"about":[{"href":"https:\/\/afoulki-new.org\/index.php\/wp-json\/wp\/v2\/types\/page"}],"author":[{"embeddable":true,"href":"https:\/\/afoulki-new.org\/index.php\/wp-json\/wp\/v2\/users\/1"}],"replies":[{"embeddable":true,"href":"https:\/\/afoulki-new.org\/index.php\/wp-json\/wp\/v2\/comments?post=970"}],"version-history":[{"count":8,"href":"https:\/\/afoulki-new.org\/index.php\/wp-json\/wp\/v2\/pages\/970\/revisions"}],"predecessor-version":[{"id":3871,"href":"https:\/\/afoulki-new.org\/index.php\/wp-json\/wp\/v2\/pages\/970\/revisions\/3871"}],"wp:attachment":[{"href":"https:\/\/afoulki-new.org\/index.php\/wp-json\/wp\/v2\/media?parent=970"}],"curies":[{"name":"wp","href":"https:\/\/api.w.org\/{rel}","templated":true}]}}