{"id":1988,"date":"2021-06-19T20:39:17","date_gmt":"2021-06-19T18:39:17","guid":{"rendered":"http:\/\/afoulki-new.org\/?post_type=product&#038;p=1988"},"modified":"2021-08-31T21:27:05","modified_gmt":"2021-08-31T19:27:05","slug":"boite-magique-carree-petit-modele","status":"publish","type":"product","link":"https:\/\/afoulki-new.org\/index.php\/produit\/boite-magique-carree-petit-modele\/","title":{"rendered":"Bo\u00eete magique carr\u00e9e petit mod\u00e8le"},"content":{"rendered":"","protected":false},"excerpt":{"rendered":"<p>Description<\/p>\n<p>Contenant<\/p>\n<p>Volume<\/p>\n<p>Usage<\/p>\n","protected":false},"featured_media":2771,"comment_status":"open","ping_status":"closed","template":"","meta":{"_et_pb_use_builder":"","_et_pb_old_content":"","_et_gb_content_width":""},"product_cat":[40],"product_tag":[54],"jetpack_sharing_enabled":true,"_links":{"self":[{"href":"https:\/\/afoulki-new.org\/index.php\/wp-json\/wp\/v2\/product\/1988"}],"collection":[{"href":"https:\/\/afoulki-new.org\/index.php\/wp-json\/wp\/v2\/product"}],"about":[{"href":"https:\/\/afoulki-new.org\/index.php\/wp-json\/wp\/v2\/types\/product"}],"replies":[{"embeddable":true,"href":"https:\/\/afoulki-new.org\/index.php\/wp-json\/wp\/v2\/comments?post=1988"}],"wp:featuredmedia":[{"embeddable":true,"href":"https:\/\/afoulki-new.org\/index.php\/wp-json\/wp\/v2\/media\/2771"}],"wp:attachment":[{"href":"https:\/\/afoulki-new.org\/index.php\/wp-json\/wp\/v2\/media?parent=1988"}],"wp:term":[{"taxonomy":"product_cat","embeddable":true,"href":"https:\/\/afoulki-new.org\/index.php\/wp-json\/wp\/v2\/product_cat?post=1988"},{"taxonomy":"product_tag","embeddable":true,"href":"https:\/\/afoulki-new.org\/index.php\/wp-json\/wp\/v2\/product_tag?post=1988"}],"curies":[{"name":"wp","href":"https:\/\/api.w.org\/{rel}","templated":true}]}}