{"id":1989,"date":"2021-06-19T20:40:28","date_gmt":"2021-06-19T18:40:28","guid":{"rendered":"http:\/\/afoulki-new.org\/?post_type=product&#038;p=1989"},"modified":"2021-08-31T21:25:39","modified_gmt":"2021-08-31T19:25:39","slug":"boite-magique-carree-grand-modele","status":"publish","type":"product","link":"https:\/\/afoulki-new.org\/index.php\/produit\/boite-magique-carree-grand-modele\/","title":{"rendered":"Bo\u00eete magique carr\u00e9e grand mod\u00e8le"},"content":{"rendered":"","protected":false},"excerpt":{"rendered":"<p>Description<\/p>\n<p>Contenant<\/p>\n<p>Volume<\/p>\n<p>Usage<\/p>\n","protected":false},"featured_media":2770,"comment_status":"open","ping_status":"closed","template":"","meta":{"_et_pb_use_builder":"","_et_pb_old_content":"","_et_gb_content_width":""},"product_cat":[40],"product_tag":[54],"class_list":["post-1989","product","type-product","status-publish","has-post-thumbnail","hentry","product_cat-issu-du-centre-social","product_tag-accessoire"],"jetpack_sharing_enabled":true,"_links":{"self":[{"href":"https:\/\/afoulki-new.org\/index.php\/wp-json\/wp\/v2\/product\/1989","targetHints":{"allow":["GET"]}}],"collection":[{"href":"https:\/\/afoulki-new.org\/index.php\/wp-json\/wp\/v2\/product"}],"about":[{"href":"https:\/\/afoulki-new.org\/index.php\/wp-json\/wp\/v2\/types\/product"}],"replies":[{"embeddable":true,"href":"https:\/\/afoulki-new.org\/index.php\/wp-json\/wp\/v2\/comments?post=1989"}],"wp:featuredmedia":[{"embeddable":true,"href":"https:\/\/afoulki-new.org\/index.php\/wp-json\/wp\/v2\/media\/2770"}],"wp:attachment":[{"href":"https:\/\/afoulki-new.org\/index.php\/wp-json\/wp\/v2\/media?parent=1989"}],"wp:term":[{"taxonomy":"product_cat","embeddable":true,"href":"https:\/\/afoulki-new.org\/index.php\/wp-json\/wp\/v2\/product_cat?post=1989"},{"taxonomy":"product_tag","embeddable":true,"href":"https:\/\/afoulki-new.org\/index.php\/wp-json\/wp\/v2\/product_tag?post=1989"}],"curies":[{"name":"wp","href":"https:\/\/api.w.org\/{rel}","templated":true}]}}